{"id":9,"date":"2025-06-26T16:51:04","date_gmt":"2025-06-26T14:51:04","guid":{"rendered":"http:\/\/cms.ruppmannsburg.de\/?page_id=9"},"modified":"2025-09-20T08:31:41","modified_gmt":"2025-09-20T06:31:41","slug":"front_page","status":"publish","type":"page","link":"https:\/\/www.somanns.de\/","title":{"rendered":"HOME"},"content":{"rendered":"\n<p><strong>Wir gestalten unsere Homepage um! <\/strong><\/p>\n\n\n\n<p><\/p>\n\n\n\n<p>Liebe Kunden,<\/p>\n\n\n\n<p>vom 05.09.2026 bis zum 13.09.2026 ist die Hundepension und das Hundehotel KOMPLETT geschlossen. Der letzte Abholtag ist der 04.09.2026.<\/p>\n\n\n\n<p>Ab Januar 2025 haben wir an Sonn- und Feiertagen geschlossen. An diesen Tagen ist kein Bringen oder Abholen m\u00f6glich.<\/p>\n\n\n\n<p>Reservierungen nehmen wir ab sofort nur noch per E-Mail entgegen: <a href=\"mailto:info@somanns.de\">info@somanns.de<\/a>. Sie erhalten eine Best\u00e4tigung per E-Mail, und nur mit dieser Best\u00e4tigung ist die Reservierung g\u00fcltig.<\/p>\n\n\n\n<p>Wir hoffen auf Ihr Verst\u00e4ndnis und danken Ihnen bereits im Voraus.<\/p>\n\n\n\n<p>Jasmin und Ralf<\/p>\n","protected":false},"excerpt":{"rendered":"<p>Wir gestalten unsere Homepage um! Liebe Kunden, vom 05.09.2026 bis zum 13.09.2026 ist die Hundepension und das Hundehotel KOMPLETT geschlossen. Der letzte Abholtag ist der 04.09.2026. Ab Januar 2025 haben wir an Sonn- und Feiertagen geschlossen. An diesen Tagen ist kein Bringen oder Abholen m\u00f6glich. Reservierungen nehmen wir ab sofort nur noch per E-Mail entgegen: &hellip; <\/p>\n<p class=\"link-more\"><a href=\"https:\/\/www.somanns.de\/\" class=\"more-link\"><span class=\"screen-reader-text\">\u201eHOME\u201c<\/span> weiterlesen<\/a><\/p>\n","protected":false},"author":1,"featured_media":105,"parent":0,"menu_order":0,"comment_status":"closed","ping_status":"closed","template":"","meta":{"footnotes":""},"class_list":["post-9","page","type-page","status-publish","has-post-thumbnail","hentry"],"_links":{"self":[{"href":"https:\/\/www.somanns.de\/index.php?rest_route=\/wp\/v2\/pages\/9","targetHints":{"allow":["GET"]}}],"collection":[{"href":"https:\/\/www.somanns.de\/index.php?rest_route=\/wp\/v2\/pages"}],"about":[{"href":"https:\/\/www.somanns.de\/index.php?rest_route=\/wp\/v2\/types\/page"}],"author":[{"embeddable":true,"href":"https:\/\/www.somanns.de\/index.php?rest_route=\/wp\/v2\/users\/1"}],"replies":[{"embeddable":true,"href":"https:\/\/www.somanns.de\/index.php?rest_route=%2Fwp%2Fv2%2Fcomments&post=9"}],"version-history":[{"count":11,"href":"https:\/\/www.somanns.de\/index.php?rest_route=\/wp\/v2\/pages\/9\/revisions"}],"predecessor-version":[{"id":924,"href":"https:\/\/www.somanns.de\/index.php?rest_route=\/wp\/v2\/pages\/9\/revisions\/924"}],"wp:featuredmedia":[{"embeddable":true,"href":"https:\/\/www.somanns.de\/index.php?rest_route=\/wp\/v2\/media\/105"}],"wp:attachment":[{"href":"https:\/\/www.somanns.de\/index.php?rest_route=%2Fwp%2Fv2%2Fmedia&parent=9"}],"curies":[{"name":"wp","href":"https:\/\/api.w.org\/{rel}","templated":true}]}}