{"id":31,"date":"2025-06-26T17:00:26","date_gmt":"2025-06-26T15:00:26","guid":{"rendered":"http:\/\/cms.ruppmannsburg.de\/?page_id=31"},"modified":"2025-06-30T18:11:03","modified_gmt":"2025-06-30T16:11:03","slug":"ueber-uns","status":"publish","type":"page","link":"https:\/\/www.somanns.de\/?page_id=31","title":{"rendered":"\u00dcBER UNS"},"content":{"rendered":"\n<h1 class=\"wp-block-heading has-text-color has-link-color wp-elements-dd5291baade9747826e9eb4cd53425bb\" style=\"color:#0b6c65\">In der Bayerischen Hundeschule &amp; Tierpension Somann in Ruppmannsburg bei Thalm\u00e4ssing f\u00fchlt sich jeder wohl!<\/h1>\n\n\n\n<p>Sie sind auf der Suche nach einer vertrauensw\u00fcrdigen Unterkunft f\u00fcr Ihren Liebling? Ob Hund, Hase, Vogel, Hamster oder Schildkr\u00f6te \u2013 in unserer Tierpension k\u00fcmmern wir uns zuverl\u00e4ssig um Ihr Tier! Als Familienbetrieb legen wir besonders hohen Wert auf Vertrauen \u2013 sowohl zum Tier als auch zum Besitzer.<\/p>\n\n\n\n<p>Auf rund 16.000 Quadratmetern gibt es mehr als gen\u00fcgend Platz, um sich so richtig auszutoben.<\/p>\n\n\n\n<p>F\u00fcr Tierbesitzer, die aus gesundheitlichen oder r\u00e4umlichen Umst\u00e4nden ihr Tier nicht mehr betreuen k\u00f6nnen, gibt es die M\u00f6glichkeit, einen Platz als Altersruhesitz auszuw\u00e4hlen.<\/p>\n","protected":false},"excerpt":{"rendered":"<p>In der Bayerischen Hundeschule &amp; Tierpension Somann in Ruppmannsburg bei Thalm\u00e4ssing f\u00fchlt sich jeder wohl! Sie sind auf der Suche nach einer vertrauensw\u00fcrdigen Unterkunft f\u00fcr Ihren Liebling? Ob Hund, Hase, Vogel, Hamster oder Schildkr\u00f6te \u2013 in unserer Tierpension k\u00fcmmern wir uns zuverl\u00e4ssig um Ihr Tier! Als Familienbetrieb legen wir besonders hohen Wert auf Vertrauen \u2013 &hellip; <\/p>\n<p class=\"link-more\"><a href=\"https:\/\/www.somanns.de\/?page_id=31\" class=\"more-link\"><span class=\"screen-reader-text\">\u201e\u00dcBER UNS\u201c<\/span> weiterlesen<\/a><\/p>\n","protected":false},"author":1,"featured_media":0,"parent":0,"menu_order":0,"comment_status":"closed","ping_status":"closed","template":"full-width","meta":{"footnotes":""},"class_list":["post-31","page","type-page","status-publish","hentry"],"_links":{"self":[{"href":"https:\/\/www.somanns.de\/index.php?rest_route=\/wp\/v2\/pages\/31","targetHints":{"allow":["GET"]}}],"collection":[{"href":"https:\/\/www.somanns.de\/index.php?rest_route=\/wp\/v2\/pages"}],"about":[{"href":"https:\/\/www.somanns.de\/index.php?rest_route=\/wp\/v2\/types\/page"}],"author":[{"embeddable":true,"href":"https:\/\/www.somanns.de\/index.php?rest_route=\/wp\/v2\/users\/1"}],"replies":[{"embeddable":true,"href":"https:\/\/www.somanns.de\/index.php?rest_route=%2Fwp%2Fv2%2Fcomments&post=31"}],"version-history":[{"count":3,"href":"https:\/\/www.somanns.de\/index.php?rest_route=\/wp\/v2\/pages\/31\/revisions"}],"predecessor-version":[{"id":160,"href":"https:\/\/www.somanns.de\/index.php?rest_route=\/wp\/v2\/pages\/31\/revisions\/160"}],"wp:attachment":[{"href":"https:\/\/www.somanns.de\/index.php?rest_route=%2Fwp%2Fv2%2Fmedia&parent=31"}],"curies":[{"name":"wp","href":"https:\/\/api.w.org\/{rel}","templated":true}]}}