{"id":206,"date":"2025-07-04T16:16:37","date_gmt":"2025-07-04T14:16:37","guid":{"rendered":"https:\/\/www.somanns.de\/?page_id=206"},"modified":"2025-07-04T16:16:37","modified_gmt":"2025-07-04T14:16:37","slug":"datenschutzerklaerung","status":"publish","type":"page","link":"https:\/\/www.somanns.de\/?page_id=206","title":{"rendered":"Datenschutzerkl\u00e4rung"},"content":{"rendered":"\n<ol class=\"wp-block-list\">\n<li>Datenschutz\n<ol class=\"wp-block-list\">\n<li>Allgemein Wir verarbeiten Ihre Daten ausschlie\u00dflich auf Grundlage der gesetzlichen Bestimmungen gem\u00e4\u00df DSGVO, BDSG und TDDDG. Der im Impressum genannte Betreiber der Website ist Verantwortlicher im Sinne des Art 4 Z 7 DSGVO. Wir nehmen den Schutz Ihrer pers\u00f6nlichen Daten sehr ernst. Da wir sehr sparsam mit Daten umgehen und standardm\u00e4\u00dfig keine Daten verarbeiten, deren Verarbeitung verpflichtend eine Einwilligung erfordert, verf\u00fcgt diese Website weder \u00fcber einen Cookie-(Consent)-Banner noch \u00fcber eine Cookiebar, au\u00dfer wir verbauen auf ausdr\u00fccklichen Kundenwunsch einen sogenannten iFrame. In diesem Fall befindet sich ein eigener Cookie-(Consent)-Banner direkt \u00fcber dem betreffenden iFrame, etwaige Cookies werden erst nach ausdr\u00fccklicher Zustimmung gesetzt.\n<ol class=\"wp-block-list\">\n<li>Zweck der Verarbeitung Die Daten werden zum Zwecke des Betriebs einer informellen und repr\u00e4sentativen Website verarbeitet und gespeichert.<\/li>\n\n\n\n<li>Dauer der Speicherung Die Daten werden nach Wegfall des Zwecks oder auf Verlangen des Betroffenen inaktiv gesetzt und gesperrt oder nachhaltig gel\u00f6scht, sofern dem keine gesetzlichen Aufbewahrungsfristen widersprechen.<\/li>\n\n\n\n<li>Rechtsgrundlage der Verarbeitung Die Daten werden im Zuge unseres berechtigten Interesses gem\u00e4\u00df Art 6 Abs 1 lit f DSGVO ver\u00f6ffentlicht. Wir verfolgen hierdurch das Ziel, eine m\u00f6glichst umfassende Darstellung unseres Unternehmens und somit den Nutzern einen bestm\u00f6glichen Service zu bieten.<\/li>\n\n\n\n<li>Kategorien von Daten Wir verarbeiten personenbezogene Daten in Form der Darstellung einer Website, von Bildern sowie gegebenenfalls bewegten Bildern, Logos, Freitexten als auch jene des jeweiligen Besuchers im Zuge der Nutzung des Kontaktformulars.<\/li>\n\n\n\n<li>Kategorien von Empf\u00e4ngern Die Daten werden dem jeweiligen Nutzer der Website zur Verf\u00fcgung gestellt. Es handelt sich dabei um Verbraucher sowie Unternehmer. Angegebene Daten bez\u00fcglich der Nutzung des Kontaktformulars werden dem Verantwortlichen zur Bearbeitung der Anfrage \u00fcbermittelt.<\/li>\n\n\n\n<li>Quelle der Daten Die Daten stammen vom Verantwortlichen laut Impressum und allenfalls den jeweiligen Nutzern.<\/li>\n<\/ol>\n<\/li>\n\n\n\n<li>Haftung der Nutzer Alle Nutzer sind verpflichtet, Gesetze, insbesondere das Datenschutzgesetz, zu beachten und den Betreiber dieser Website diesbez\u00fcglich schad- und klaglos zu halten. Der Nutzung von im Rahmen der Impressumspflicht ver\u00f6ffentlichten Kontaktdaten durch Dritte zur \u00dcbersendung von nicht ausdr\u00fccklich angeforderter Werbung und Informationsmaterialien wird hiermit explizit widersprochen. Der Betreiber der Website beh\u00e4lt sich ausdr\u00fccklich rechtliche Schritte im Falle der unverlangten Zusendung von Werbeinformationen, etwa durch Spammails, vor. F\u00fcr die Nutzung dieser Website ist die Angabe personenbezogener Daten wie Name, Anschrift oder E-Mail-Adresse nicht erforderlich. Wir erheben und speichern diese Daten nur dann, wenn und soweit Sie uns diese freiwillig zur Verf\u00fcgung stellen (z.B. bei der Anmeldung zu einem Newsletter).<\/li>\n\n\n\n<li>Soziale Netzwerke Vorliegende Website kann Links enthalten, welche gegebenenfalls auf das Portal von Facebook und\/oder auf das Portal von Twitter verlinken. Selbige werden jeweils durch dementsprechende Icons wie \u201ef\u201c, \u201et\u201c, \u201efacebook\u201c, \u201etweet\u201c etc. gekennzeichnet. Die jeweiligen sozialen Netzwerke verf\u00fcgen \u00fcber eigene Datenschutzinformationen.<\/li>\n\n\n\n<li>Videos Auf unserer Website bieten wir Ihnen die M\u00f6glichkeit, Filmreportagen via YouTube Videos direkt \u00fcber eine iFrame-Einbettung anzusehen. Durch Anklicken einer Filmreportage erteilen Sie eine Zustimmung gem\u00e4\u00df Art. 6 Abs 1 lit a DSGVO. Durch diesen Vorgang kann der Diensteanbieter Google Ireland Limited, Gordon House, Barrow Street, Dublin 4, Irland personenbezogene Daten von Ihnen f\u00fcr die Dauer des Abspielens des jeweiligen Videos erheben. Eine Verarbeitung oder Speicherung vorbenannter Daten findet durch uns nicht statt. Ihre Zustimmung beh\u00e4lt bis zum Verlassen der jeweiligen Website ihre G\u00fcltigkeit und wird nicht gespeichert. Datenschutzerkl\u00e4rung: <a href=\"https:\/\/policies.google.com\/privacy?gl=AT&amp;hl=de#intro\">https:\/\/policies.google.com\/privacy?gl=AT&amp;hl=de#intro<\/a><\/li>\n\n\n\n<li>Google Fonts Auf dieser Seite sind externe Schriften, sogenannte \u201eGoogle Fonts\u201c implementiert. Die Einbindung dieser Webfonts erfolgt durch einen Serveraufruf, wobei es sich vorliegend um den eigenen Server des technischen Dienstleisters handelt, der die Webfonts dort gespeichert hat.<\/li>\n\n\n\n<li>Kontaktformular Sobald Sie via Kontaktformular auf unserer Website oder per E-Mail Kontakt mit uns aufnehmen, werden Ihre angegebenen Daten zur Bearbeitung der Anfrage und f\u00fcr den Fall von Anschlussfragen drei Monate lang bei uns und interimistisch bei unserem technischen Dienstleister gespeichert. Diese Daten werden nicht an Dritte weitergegeben. Die Rechtsgrundlage f\u00fcr die Verarbeitung der Daten bildet bei Vorliegen einer Einwilligung des Nutzers Art. 6 Abs 1 lit a DSGVO. Rechtsgrundlage f\u00fcr die Verarbeitung der Daten, welche im Zuge der \u00dcbersendung einer E-Mail \u00fcbermittelt werden, dagegen Art. 6 Abs 1 lit f DSGVO. Stellt der E-Mail-Kontakt auf den Abschluss eines Vertrages ab, so gelangt Art. 6 Abs 1 lit b DSGVO zur Anwendung.<\/li>\n\n\n\n<li>Bewerbungen Wenn Sie sich auf unserer Website \u00fcber das Kontaktformular oder aber via E-Mail um eine Stelle bewerben, werden die von Ihnen \u00fcbermittelten personenbezogenen Daten zur Verifizierung Ihrer Bewerbung und im Zuge des nachfolgenden Auswahlverfahrens f\u00fcr die Dauer des Bewerbungsprozesses interimistisch gespeichert und anschlie\u00dfend gel\u00f6scht. Die Verarbeitung der Daten ist f\u00fcr die Teilnahme am Bewerbungsprozess zwingend und sohin erforderlich. Sofern Sie Ihre Einwilligung erteilt haben, Ihre Daten in Evidenz zu halten, werden die Daten f\u00fcr weitere sechs Monate zu vorbenannten Zwecken verwendet. Danach werden Ihre Daten nachhaltig gel\u00f6scht. Rechtsgrundlage f\u00fcr die Verarbeitung bildet diesfalls Art 6 Abs 1 lit a DSGVO. Ihre Einwilligung zur Verwendung der Daten k\u00f6nnen Sie jederzeit per E-Mail an <a href=\"mailto:info@somanns.de\">info@somanns.de<\/a> widerrufen. Die Daten werden sodann auf Ihr ausdr\u00fcckliches Begehren gel\u00f6scht.<\/li>\n\n\n\n<li>Google Maps\u2122-Kartenservice Der Google Maps\u2122-Kartenservice wird in \u00dcbereinstimmung mit den Nutzungsbedingungen f\u00fcr Google Maps und den Gesch\u00e4ftsbedingungen f\u00fcr Google Services auf dieser Website verwendet. Wir weisen darauf hin, dass sich Ungenauigkeiten und Fehler in den Karten nicht vermeiden lassen und keinen Mangel darstellen, da diese eine Ann\u00e4herung an die Wirklichkeit darstellen. Die Darstellung der Karte ber\u00fccksichtigt automatisch \u201edo not track-Voreinstellungen\u201c im jeweiligen Browser des Nutzers, sodass diese dann nicht angezeigt wird, sofern die Einstellung \u201edo not track\u201c aktiviert wurde. Hier k\u00f6nnen Sie ausw\u00e4hlen, ob die Karte angezeigt werden soll:<\/li>\n<\/ol>\n<\/li>\n\n\n\n<li>Datensicherheit Der Verantwortliche ergreift technische und organisatorische Sicherheitsma\u00dfnahmen, um die durch den Anbieter gespeicherten Daten gegen zuf\u00e4llige oder vors\u00e4tzliche Manipulation, Verlust, Zerst\u00f6rung oder gegen den Zugriff unberechtigter Personen zu sch\u00fctzen.<\/li>\n\n\n\n<li>Widerspruch Der Nutzung und Verarbeitung Ihrer personenbezogenen Daten k\u00f6nnen Sie jederzeit mit Wirkung f\u00fcr die Zukunft durch eine formlose Mitteilung an <a href=\"mailto:info@somanns.de\">info@somanns.de<\/a> widersprechen. Eine L\u00f6schung der gespeicherten personenbezogenen Daten erfolgt, sobald Sie der Nutzung Ihrer Daten widersprechen oder der Zweck der Datenerhebung erf\u00fcllt worden ist. Dennoch bleiben beh\u00f6rdliche oder vertragliche Aufbewahrungspflichten hiervon unber\u00fchrt. Im Falle des Bestehens solcher Pflichten werden Ihre Daten zun\u00e4chst f\u00fcr die weitere Verwendung gesperrt und nach Ablauf der Aufbewahrungsfristen automatisch gel\u00f6scht.<\/li>\n\n\n\n<li>Rechtsbelehrung Betroffenen stehen grunds\u00e4tzlich die Rechte auf Auskunft, Berichtigung, L\u00f6schung, Einschr\u00e4nkung, Daten\u00fcbertragung, Widerruf und Widerspruch zu. Sollten unrichtige Daten \u00fcber Sie gespeichert worden sein, werden wir diese selbstverst\u00e4ndlich berichtigen. Sofern Sie der Meinung sind, die Verarbeitung Ihrer Daten versto\u00dfe gegen das Datenschutzrecht oder Ihre datenschutzrechtlichen Anspr\u00fcche seien in irgendeiner Weise verletzt worden, k\u00f6nnen Sie sich bei der Datenschutzbeh\u00f6rde beschweren. Sie k\u00f6nnen zudem von uns eine Best\u00e4tigung dar\u00fcber verlangen, ob und in welchem Ausma\u00df wir Ihre Daten verarbeiten. Kontakt\/Verantwortlicher: Bayerische Hundeschule &amp; Tierpension Somann<br>Ruppmannsburg 27<br>91177 Thalm\u00e4ssing, Deutschland<br><a href=\"mailto:info@somanns.de\">info@somanns.de<\/a> Recht auf Berichtigung: Verarbeiten wir Ihre personenbezogenen Daten, welche unvollst\u00e4ndig oder unrichtig sind, so k\u00f6nnen Sie jederzeit deren Berichtigung bzw. deren Vervollst\u00e4ndigung von uns fordern. Recht auf L\u00f6schung: Sie k\u00f6nnen von uns die L\u00f6schung Ihrer personenbezogenen Daten verlangen, sofern wir diese unrechtm\u00e4\u00dfig verarbeiten oder die Verarbeitung\/Ver\u00f6ffentlichung dieser unverh\u00e4ltnism\u00e4\u00dfig in Ihre berechtigten Schutzinteressen eingreift. Bitte beachten Sie, dass es Gr\u00fcnde geben kann, die einer sofortigen L\u00f6schung entgegenstehen, z.B. im Fall von gesetzlich vorgesehenen Aufbewahrungspflichten. Recht auf Einschr\u00e4nkung der Verarbeitung: Sie k\u00f6nnen von uns auch die Einschr\u00e4nkung der Verarbeitung Ihrer Daten fordern, sofern<ul><li>Sie die Richtigkeit der Daten bestreiten, und zwar f\u00fcr eine Dauer, die es uns erm\u00f6glicht, die Richtigkeit der Daten zu \u00fcberpr\u00fcfen,<\/li><li>die Verarbeitung der Daten unrechtm\u00e4\u00dfig ist, Sie aber eine L\u00f6schung ablehnen und stattdessen eine Einschr\u00e4nkung der Datennutzung verlangen,<\/li><li>wir die Daten f\u00fcr den vorgesehenen Zweck nicht mehr ben\u00f6tigen, Sie diese Daten aber noch zur Geltendmachung oder Verteidigung von Rechtsanspr\u00fcchen brauchen,<br>oder<\/li><li>Sie Widerspruch gegen die Verarbeitung der Daten eingelegt haben.<\/li><\/ul>Recht auf Daten\u00fcbertragbarkeit: Sie k\u00f6nnen von uns verlangen, dass wir Ihnen Ihre Daten, die Sie uns zur Aufbewahrung anvertraut haben, in einem strukturierten, g\u00e4ngigen und maschinenlesbaren Format zur Verf\u00fcgung stellen, sofern<ul><li>wir diese Daten aufgrund einer von Ihnen erteilten und widerrufbaren Zustimmung oder zur Erf\u00fcllung eines Vertrages zwischen uns verarbeiten und<\/li><li>diese Verarbeitung mithilfe automatisierter Verfahren erfolgt.<\/li><\/ul>Widerspruchsrecht: Verarbeiten wir Ihre Daten zur Wahrnehmung von im \u00f6ffentlichen Interesse liegenden Aufgaben, zur Aus\u00fcbung \u00f6ffentlicher Gewalt oder berufen wir uns bei der Verarbeitung auf die Notwendigkeit zur Wahrung unseres berechtigten Interesses, so k\u00f6nnen Sie gegen diese Datenverarbeitung Widerspruch einlegen, sofern ein \u00fcberwiegendes Schutzinteresse an Ihren Daten besteht. Der Zusendung von Werbung k\u00f6nnen Sie jederzeit ohne Angabe von Gr\u00fcnden widersprechen. Beschwerderecht: Sind Sie der Meinung, dass wir bei der Verarbeitung Ihrer Daten gegen Datenschutzrecht versto\u00dfen, so ersuchen wir Sie, mit uns Kontakt aufzunehmen, um allf\u00e4llige Fragen aufkl\u00e4ren zu k\u00f6nnen. Sie haben selbstverst\u00e4ndlich auch das Recht, sich bei der Datenschutzbeh\u00f6rde oder bei einer Aufsichtsbeh\u00f6rde innerhalb der EU zu beschweren. Geltendmachung der Rechte: Sofern Sie eines der genannten Rechte uns gegen\u00fcber geltend machen wollen, verwenden Sie einfach unsere Kontaktm\u00f6glichkeiten. Best\u00e4tigung der Identit\u00e4t: Im Zweifel k\u00f6nnen wir zus\u00e4tzliche Informationen zur Best\u00e4tigung Ihrer Identit\u00e4t anfordern. Dies dient dem Schutz Ihrer Rechte und Ihrer Privatsph\u00e4re.<\/li>\n<\/ol>\n","protected":false},"excerpt":{"rendered":"","protected":false},"author":1,"featured_media":0,"parent":0,"menu_order":0,"comment_status":"closed","ping_status":"closed","template":"","meta":{"footnotes":""},"class_list":["post-206","page","type-page","status-publish","hentry"],"_links":{"self":[{"href":"https:\/\/www.somanns.de\/index.php?rest_route=\/wp\/v2\/pages\/206","targetHints":{"allow":["GET"]}}],"collection":[{"href":"https:\/\/www.somanns.de\/index.php?rest_route=\/wp\/v2\/pages"}],"about":[{"href":"https:\/\/www.somanns.de\/index.php?rest_route=\/wp\/v2\/types\/page"}],"author":[{"embeddable":true,"href":"https:\/\/www.somanns.de\/index.php?rest_route=\/wp\/v2\/users\/1"}],"replies":[{"embeddable":true,"href":"https:\/\/www.somanns.de\/index.php?rest_route=%2Fwp%2Fv2%2Fcomments&post=206"}],"version-history":[{"count":1,"href":"https:\/\/www.somanns.de\/index.php?rest_route=\/wp\/v2\/pages\/206\/revisions"}],"predecessor-version":[{"id":207,"href":"https:\/\/www.somanns.de\/index.php?rest_route=\/wp\/v2\/pages\/206\/revisions\/207"}],"wp:attachment":[{"href":"https:\/\/www.somanns.de\/index.php?rest_route=%2Fwp%2Fv2%2Fmedia&parent=206"}],"curies":[{"name":"wp","href":"https:\/\/api.w.org\/{rel}","templated":true}]}}