{"id":176,"date":"2025-06-30T21:47:52","date_gmt":"2025-06-30T19:47:52","guid":{"rendered":"http:\/\/cms.ruppmannsburg.de\/?page_id=176"},"modified":"2025-06-30T21:47:52","modified_gmt":"2025-06-30T19:47:52","slug":"tierpension","status":"publish","type":"page","link":"https:\/\/www.somanns.de\/?page_id=176","title":{"rendered":"TIERPENSION"},"content":{"rendered":"\n<h2 class=\"wp-block-heading\"><\/h2>\n\n\n\n<p>Hotel: 25\u20ac pro Hund und Tag<\/p>\n\n\n\n<p>Pension: 20\u20ac pro Hund undTag<\/p>\n\n\n\n<p>Aggressive Hunde: 10\u20ac pro Hund und Tag zus\u00e4tzlich<\/p>\n\n\n\n<p>Diensthunde: 10\u20ac pro Hund und Tag zus\u00e4tzlich<\/p>\n\n\n\n<p>L\u00e4ufige H\u00fcndinnen: 10\u20ac pro Hund und Tag zus\u00e4tzlich<\/p>\n\n\n\n<p>Bitte Impfpass immer vorzeigen! Unterbringung&nbsp;nur mit g\u00fcltiger Impfung.&nbsp;<\/p>\n\n\n\n<h3 class=\"wp-block-heading\">Zus\u00e4tzliche Leistungen und Preise<\/h3>\n\n\n\n<p>Gassi gehen: 15\u20ac pro Hund&nbsp;und Tag<\/p>\n\n\n\n<p>Spielplatz:&nbsp;10\u20ac pro Hund und Tag &nbsp;<\/p>\n\n\n\n<p>Heizung:&nbsp;5\u20ac pro Tag<\/p>\n","protected":false},"excerpt":{"rendered":"<p>Hotel: 25\u20ac pro Hund und Tag Pension: 20\u20ac pro Hund undTag Aggressive Hunde: 10\u20ac pro Hund und Tag zus\u00e4tzlich Diensthunde: 10\u20ac pro Hund und Tag zus\u00e4tzlich L\u00e4ufige H\u00fcndinnen: 10\u20ac pro Hund und Tag zus\u00e4tzlich Bitte Impfpass immer vorzeigen! Unterbringung&nbsp;nur mit g\u00fcltiger Impfung.&nbsp; Zus\u00e4tzliche Leistungen und Preise Gassi gehen: 15\u20ac pro Hund&nbsp;und Tag Spielplatz:&nbsp;10\u20ac pro Hund &hellip; <\/p>\n<p class=\"link-more\"><a href=\"https:\/\/www.somanns.de\/?page_id=176\" class=\"more-link\"><span class=\"screen-reader-text\">\u201eTIERPENSION\u201c<\/span> weiterlesen<\/a><\/p>\n","protected":false},"author":1,"featured_media":0,"parent":0,"menu_order":0,"comment_status":"closed","ping_status":"closed","template":"","meta":{"footnotes":""},"class_list":["post-176","page","type-page","status-publish","hentry"],"_links":{"self":[{"href":"https:\/\/www.somanns.de\/index.php?rest_route=\/wp\/v2\/pages\/176","targetHints":{"allow":["GET"]}}],"collection":[{"href":"https:\/\/www.somanns.de\/index.php?rest_route=\/wp\/v2\/pages"}],"about":[{"href":"https:\/\/www.somanns.de\/index.php?rest_route=\/wp\/v2\/types\/page"}],"author":[{"embeddable":true,"href":"https:\/\/www.somanns.de\/index.php?rest_route=\/wp\/v2\/users\/1"}],"replies":[{"embeddable":true,"href":"https:\/\/www.somanns.de\/index.php?rest_route=%2Fwp%2Fv2%2Fcomments&post=176"}],"version-history":[{"count":1,"href":"https:\/\/www.somanns.de\/index.php?rest_route=\/wp\/v2\/pages\/176\/revisions"}],"predecessor-version":[{"id":177,"href":"https:\/\/www.somanns.de\/index.php?rest_route=\/wp\/v2\/pages\/176\/revisions\/177"}],"wp:attachment":[{"href":"https:\/\/www.somanns.de\/index.php?rest_route=%2Fwp%2Fv2%2Fmedia&parent=176"}],"curies":[{"name":"wp","href":"https:\/\/api.w.org\/{rel}","templated":true}]}}