{"id":174,"date":"2025-06-30T21:47:08","date_gmt":"2025-06-30T19:47:08","guid":{"rendered":"http:\/\/cms.ruppmannsburg.de\/?page_id=174"},"modified":"2025-06-30T21:47:08","modified_gmt":"2025-06-30T19:47:08","slug":"hundeschule-2","status":"publish","type":"page","link":"https:\/\/www.somanns.de\/?page_id=174","title":{"rendered":"HUNDESCHULE"},"content":{"rendered":"\n<h2 class=\"wp-block-heading\"><\/h2>\n\n\n\n<p>Welpenstunde<br>Samstag von 10:00 bis 11:00 Uhr<br>10\u20ac pro Hund<\/p>\n\n\n\n<p>Stunde f\u00fcr junge Hunde<br>Mittwoch 10:00 bis 11:00 Uhr<br>Samstag von 11:00 bis 12.00 Uhr<br>15\u20ac pro Hund<\/p>\n\n\n\n<p>Stunde f\u00fcr&nbsp;erwachsene Hunde<br>Mittwoch 10:00 bis 11:00 Uhr<br>Samstag von 14:00 bis 15:00 Uhr<br>15\u20ac pro Hund<\/p>\n\n\n\n<p>Alle Hunde m\u00fcssen g\u00fcltigen Impfschutz nachweisen k\u00f6nnen. Bitte beim ersten Mal Impfpass mitbringen.<\/p>\n\n\n\n<p>Einzelstunde<br>mit Hundebesitzer: 54\u20ac<br>Hund im Hotel oder in der Pension: 36\u20ac<\/p>\n\n\n\n<p>Einzelstunde nach telefonischer oder pers\u00f6nlicher Absprache jederzeit m\u00f6glich.<\/p>\n","protected":false},"excerpt":{"rendered":"<p>WelpenstundeSamstag von 10:00 bis 11:00 Uhr10\u20ac pro Hund Stunde f\u00fcr junge HundeMittwoch 10:00 bis 11:00 UhrSamstag von 11:00 bis 12.00 Uhr15\u20ac pro Hund Stunde f\u00fcr&nbsp;erwachsene HundeMittwoch 10:00 bis 11:00 UhrSamstag von 14:00 bis 15:00 Uhr15\u20ac pro Hund Alle Hunde m\u00fcssen g\u00fcltigen Impfschutz nachweisen k\u00f6nnen. Bitte beim ersten Mal Impfpass mitbringen. Einzelstundemit Hundebesitzer: 54\u20acHund im Hotel &hellip; <\/p>\n<p class=\"link-more\"><a href=\"https:\/\/www.somanns.de\/?page_id=174\" class=\"more-link\"><span class=\"screen-reader-text\">\u201eHUNDESCHULE\u201c<\/span> weiterlesen<\/a><\/p>\n","protected":false},"author":1,"featured_media":0,"parent":0,"menu_order":0,"comment_status":"closed","ping_status":"closed","template":"","meta":{"footnotes":""},"class_list":["post-174","page","type-page","status-publish","hentry"],"_links":{"self":[{"href":"https:\/\/www.somanns.de\/index.php?rest_route=\/wp\/v2\/pages\/174","targetHints":{"allow":["GET"]}}],"collection":[{"href":"https:\/\/www.somanns.de\/index.php?rest_route=\/wp\/v2\/pages"}],"about":[{"href":"https:\/\/www.somanns.de\/index.php?rest_route=\/wp\/v2\/types\/page"}],"author":[{"embeddable":true,"href":"https:\/\/www.somanns.de\/index.php?rest_route=\/wp\/v2\/users\/1"}],"replies":[{"embeddable":true,"href":"https:\/\/www.somanns.de\/index.php?rest_route=%2Fwp%2Fv2%2Fcomments&post=174"}],"version-history":[{"count":1,"href":"https:\/\/www.somanns.de\/index.php?rest_route=\/wp\/v2\/pages\/174\/revisions"}],"predecessor-version":[{"id":175,"href":"https:\/\/www.somanns.de\/index.php?rest_route=\/wp\/v2\/pages\/174\/revisions\/175"}],"wp:attachment":[{"href":"https:\/\/www.somanns.de\/index.php?rest_route=%2Fwp%2Fv2%2Fmedia&parent=174"}],"curies":[{"name":"wp","href":"https:\/\/api.w.org\/{rel}","templated":true}]}}