{"id":161,"date":"2025-06-30T18:12:03","date_gmt":"2025-06-30T16:12:03","guid":{"rendered":"http:\/\/cms.ruppmannsburg.de\/?page_id=161"},"modified":"2025-06-30T21:53:03","modified_gmt":"2025-06-30T19:53:03","slug":"hundeschule","status":"publish","type":"page","link":"https:\/\/www.somanns.de\/?page_id=161","title":{"rendered":"LEISTUNGEN"},"content":{"rendered":"\n<h2 class=\"wp-block-heading\"><\/h2>\n\n\n\n<p><\/p>\n\n\n\n<div class=\"wp-block-media-text is-stacked-on-mobile\"><figure class=\"wp-block-media-text__media\"><img loading=\"lazy\" decoding=\"async\" width=\"769\" height=\"577\" src=\"http:\/\/cms.ruppmannsburg.de\/wp-content\/uploads\/2025\/06\/bild-80-1.jpg\" alt=\"\" class=\"wp-image-164 size-full\" srcset=\"https:\/\/www.somanns.de\/wp-content\/uploads\/2025\/06\/bild-80-1.jpg 769w, https:\/\/www.somanns.de\/wp-content\/uploads\/2025\/06\/bild-80-1-300x225.jpg 300w\" sizes=\"auto, (max-width: 706px) 89vw, (max-width: 767px) 82vw, 740px\" \/><\/figure><div class=\"wp-block-media-text__content\">\n<p class=\"has-text-color has-link-color has-medium-font-size wp-elements-13e8e69e5ad4fb5fea37ca8204489131\" style=\"color:#0b6c65\">Hundeschule<\/p>\n\n\n\n<p>In unserer Hundeschule bieten wir verschiedene Kurse. Von Einzel- und Gruppenunterricht \u00fcber Welpenkurse, Junghundekurse bis hin zu Erwachsenenhundekurse \u2013 bei uns sind Sie genau richtig! Zudem erhalten Sie bei uns eine Einf\u00fchrung zum Thema Welpenkauf.<\/p>\n\n\n\n<div class=\"wp-block-buttons is-layout-flex wp-container-core-buttons-is-layout-a74382ec wp-block-buttons-is-layout-flex\">\n<div class=\"wp-block-button\"><a class=\"wp-block-button__link wp-element-button\" href=\"http:\/\/cms.ruppmannsburg.de\/?page_id=174\">DETAILS &amp; PREISE<\/a><\/div>\n<\/div>\n<\/div><\/div>\n\n\n\n<div class=\"wp-block-media-text is-stacked-on-mobile\"><figure class=\"wp-block-media-text__media\"><img loading=\"lazy\" decoding=\"async\" width=\"770\" height=\"513\" src=\"http:\/\/cms.ruppmannsburg.de\/wp-content\/uploads\/2025\/06\/tierpension.jpg\" alt=\"\" class=\"wp-image-166 size-full\" srcset=\"https:\/\/www.somanns.de\/wp-content\/uploads\/2025\/06\/tierpension.jpg 770w, https:\/\/www.somanns.de\/wp-content\/uploads\/2025\/06\/tierpension-300x200.jpg 300w, https:\/\/www.somanns.de\/wp-content\/uploads\/2025\/06\/tierpension-768x512.jpg 768w\" sizes=\"auto, (max-width: 706px) 89vw, (max-width: 767px) 82vw, 740px\" \/><\/figure><div class=\"wp-block-media-text__content\">\n<p class=\"has-text-color has-link-color has-medium-font-size wp-elements-6c2e16ac26069dfe838193397e348f1e\" style=\"color:#0b6c65\">Tierpension &amp; Tierhotel<\/p>\n\n\n\n<p>Wir haben uns auf die \u00dcbernachtung und Unterbringung von Hunden spezialisiert. Von der stundenweisen Aufnahme bis hin zu mehreren Wochen \u2013 bei uns wird Ihr Vierbeiner so versorgt, wie er es von Zuhause gew\u00f6hnt ist. Vertrauen auch Sie auf unsere langj\u00e4hrige Erfahrung und unser gro\u00dfes Know-how. Bei uns ist Ihr Liebling in besten H\u00e4nden!<\/p>\n\n\n\n<div class=\"wp-block-buttons is-layout-flex wp-block-buttons-is-layout-flex\">\n<div class=\"wp-block-button\"><a class=\"wp-block-button__link wp-element-button\" href=\"http:\/\/cms.ruppmannsburg.de\/?page_id=176\">DETAILS &amp; PREISE<\/a><\/div>\n<\/div>\n<\/div><\/div>\n\n\n\n<div class=\"wp-block-media-text is-stacked-on-mobile\"><figure class=\"wp-block-media-text__media\"><img loading=\"lazy\" decoding=\"async\" width=\"1024\" height=\"559\" src=\"http:\/\/cms.ruppmannsburg.de\/wp-content\/uploads\/2025\/06\/home-bild-1024x559.jpg\" alt=\"\" class=\"wp-image-167 size-full\" srcset=\"https:\/\/www.somanns.de\/wp-content\/uploads\/2025\/06\/home-bild-1024x559.jpg 1024w, https:\/\/www.somanns.de\/wp-content\/uploads\/2025\/06\/home-bild-300x164.jpg 300w, https:\/\/www.somanns.de\/wp-content\/uploads\/2025\/06\/home-bild-768x419.jpg 768w, https:\/\/www.somanns.de\/wp-content\/uploads\/2025\/06\/home-bild-1536x838.jpg 1536w, https:\/\/www.somanns.de\/wp-content\/uploads\/2025\/06\/home-bild.jpg 1889w\" sizes=\"auto, (max-width: 706px) 89vw, (max-width: 767px) 82vw, 740px\" \/><\/figure><div class=\"wp-block-media-text__content\">\n<p class=\"has-text-color has-link-color has-medium-font-size wp-elements-0b67e06b9cfdb3f89e66dd91259ea5cc\" style=\"color:#0b6c65\">Aktivit\u00e4ten &amp; Leistungen<\/p>\n\n\n\n<p>Zu unseren Aktivit\u00e4ten und Aufgaben z\u00e4hlen unter anderem: Spielen, Gassi gehen, Wandern, Baden gehen, verschriebene Tabletten verabreichen,&nbsp;Z\u00e4hne putzen, Ohren reinigen oder das Fell pflegen.<\/p>\n\n\n\n<div class=\"wp-block-buttons is-layout-flex wp-block-buttons-is-layout-flex\">\n<div class=\"wp-block-button\"><a class=\"wp-block-button__link wp-element-button\" href=\"http:\/\/cms.ruppmannsburg.de\/?page_id=33\">KONTAKT<\/a><\/div>\n<\/div>\n<\/div><\/div>\n\n\n\n<p><\/p>\n","protected":false},"excerpt":{"rendered":"","protected":false},"author":1,"featured_media":0,"parent":0,"menu_order":0,"comment_status":"closed","ping_status":"closed","template":"","meta":{"footnotes":""},"class_list":["post-161","page","type-page","status-publish","hentry"],"_links":{"self":[{"href":"https:\/\/www.somanns.de\/index.php?rest_route=\/wp\/v2\/pages\/161","targetHints":{"allow":["GET"]}}],"collection":[{"href":"https:\/\/www.somanns.de\/index.php?rest_route=\/wp\/v2\/pages"}],"about":[{"href":"https:\/\/www.somanns.de\/index.php?rest_route=\/wp\/v2\/types\/page"}],"author":[{"embeddable":true,"href":"https:\/\/www.somanns.de\/index.php?rest_route=\/wp\/v2\/users\/1"}],"replies":[{"embeddable":true,"href":"https:\/\/www.somanns.de\/index.php?rest_route=%2Fwp%2Fv2%2Fcomments&post=161"}],"version-history":[{"count":4,"href":"https:\/\/www.somanns.de\/index.php?rest_route=\/wp\/v2\/pages\/161\/revisions"}],"predecessor-version":[{"id":179,"href":"https:\/\/www.somanns.de\/index.php?rest_route=\/wp\/v2\/pages\/161\/revisions\/179"}],"wp:attachment":[{"href":"https:\/\/www.somanns.de\/index.php?rest_route=%2Fwp%2Fv2%2Fmedia&parent=161"}],"curies":[{"name":"wp","href":"https:\/\/api.w.org\/{rel}","templated":true}]}}